{"id":310,"date":"2011-12-05T09:25:49","date_gmt":"2011-12-05T09:25:49","guid":{"rendered":"https:\/\/jacquesprevert.fr\/?page_id=310"},"modified":"2013-02-05T15:55:25","modified_gmt":"2013-02-05T15:55:25","slug":"credits","status":"publish","type":"page","link":"https:\/\/jacquesprevert.fr\/en\/credits\/","title":{"rendered":"Credits"},"content":{"rendered":"<p><\/p>\n<h3>Conception et design<\/h3>\n<p>Yann Raude <a href=\"http:\/\/www.yannraude.com\"><img loading=\"lazy\" decoding=\"async\" class=\"alignnone size-full wp-image-345\" title=\"design_mesure_creation\" src=\"https:\/\/jacquesprevert.fr\/wp-content\/uploads\/2011\/12\/design_mesure_creation.jpg\" alt=\"Cr\u00e9ation site internet sur mesure\" width=\"109\" height=\"105\" \/><\/a> Graphisme &#8211; Image &#8211; Cr\u00e9ation <a href=\"http:\/\/www.yannraude.com\">www.yannraude.com<\/a><\/p>\n<h3>R\u00e9alisation<\/h3>\n<pre>Beno\u00eet Decomble\r\n\r\nInt\u00e9gration xHTML\/CSS, d\u00e9veloppement WordPress\r\n\r\n<a href=\"http:\/\/www.benoitdecomble.com\/\">www.benoitdecomble.com<\/a><\/pre>\n<pre><\/pre>\n<p style=\"text-align: center;\">\n<p><\/p>","protected":false},"excerpt":{"rendered":"<p>Conception et design Yann Raude Graphisme &#8211; Image &#8211; Cr\u00e9ation www.yannraude.com R\u00e9alisation Beno\u00eet Decomble Int\u00e9gration xHTML\/CSS, d\u00e9veloppement WordPress www.benoitdecomble.com<\/p>\n","protected":false},"author":3,"featured_media":0,"parent":0,"menu_order":0,"comment_status":"open","ping_status":"open","template":"template_1st_level.php","meta":{"footnotes":""},"class_list":["post-310","page","type-page","status-publish","hentry"],"aioseo_notices":[],"_links":{"self":[{"href":"https:\/\/jacquesprevert.fr\/en\/wp-json\/wp\/v2\/pages\/310","targetHints":{"allow":["GET"]}}],"collection":[{"href":"https:\/\/jacquesprevert.fr\/en\/wp-json\/wp\/v2\/pages"}],"about":[{"href":"https:\/\/jacquesprevert.fr\/en\/wp-json\/wp\/v2\/types\/page"}],"author":[{"embeddable":true,"href":"https:\/\/jacquesprevert.fr\/en\/wp-json\/wp\/v2\/users\/3"}],"replies":[{"embeddable":true,"href":"https:\/\/jacquesprevert.fr\/en\/wp-json\/wp\/v2\/comments?post=310"}],"version-history":[{"count":16,"href":"https:\/\/jacquesprevert.fr\/en\/wp-json\/wp\/v2\/pages\/310\/revisions"}],"predecessor-version":[{"id":1110,"href":"https:\/\/jacquesprevert.fr\/en\/wp-json\/wp\/v2\/pages\/310\/revisions\/1110"}],"wp:attachment":[{"href":"https:\/\/jacquesprevert.fr\/en\/wp-json\/wp\/v2\/media?parent=310"}],"curies":[{"name":"wp","href":"https:\/\/api.w.org\/{rel}","templated":true}]}}