{"id":25,"date":"2011-10-18T12:50:18","date_gmt":"2011-10-18T12:50:18","guid":{"rendered":"http:\/\/local.fatras.fr\/?page_id=25"},"modified":"2015-02-04T14:16:47","modified_gmt":"2015-02-04T13:16:47","slug":"principales-missions","status":"publish","type":"page","link":"https:\/\/jacquesprevert.fr\/en\/succession\/principales-missions\/","title":{"rendered":"The missions"},"content":{"rendered":"<p><div id=\"attachment_526\" style=\"width: 261px\" class=\"wp-caption alignright\"><a href=\"https:\/\/jacquesprevert.fr\/wp-content\/uploads\/2011\/10\/eugenie.jpg\"><img loading=\"lazy\" decoding=\"async\" aria-describedby=\"caption-attachment-526\" class=\"size-full wp-image-526 \" title=\"eugenie\" src=\"https:\/\/jacquesprevert.fr\/wp-content\/uploads\/2011\/10\/eugenie.jpg\" alt=\"Eug\u00e9nie Bachelot Pr\u00e9vert\" width=\"251\" height=\"395\" srcset=\"https:\/\/jacquesprevert.fr\/wp-content\/uploads\/2011\/10\/eugenie.jpg 392w, https:\/\/jacquesprevert.fr\/wp-content\/uploads\/2011\/10\/eugenie-190x300.jpg 190w\" sizes=\"auto, (max-width: 251px) 100vw, 251px\" \/><\/a><p id=\"caption-attachment-526\" class=\"wp-caption-text\">Eug\u00e9nie Bachelot Pr\u00e9vert, dans l&#8217;appartement de la cit\u00e9 V\u00e9ron &#8211; \u00a9 Luc Castel<\/p><\/div><\/p>\n<p style=\"text-align: justify;\">The creation of Fatras was necessary because of the importance taken by the management of the work of my grandfather over the years. To manage an inheritance and a history as those left by Jacques Pr\u00e9vert requires an implication of heart but also of time, and an adequate structure. It is indeed necessary to answer to the requests of all kinds, comedians anxious to put on a show, communities or museums in search of an exhibition, universities in search of manuscripts, journalists asking for a photography, publishing companies intending to republish a sold-out work, etc., while trying hard to manage at best the work, beside the literary and music publishers, the movie producers, and to do our best so its distribution is the most important and the most fair possible. Mostly, I try to answer to these requests with my team while respecting as much as possible Jacques Pr\u00e9vert&#8217;s work. The moral right can authorize but also forbid\u2026 It is thus a question of listening to the musical adaptations before endorsing them,\u00a0 reading again the scenic adaptations, viewing the movies, advising and directing at best the requests, representing the company during the diverse demonstrations in France and elsewhere, etc.<br \/>\nOur room for manoeuvre is not so big because the property right often escapes us; numerous rights had been given up to the publishers by my very grandfather. His inheritance implies numerous obligations and a constant work which I chose to develop by means of a company and with a team. Jacques Pr\u00e9vert is one of the rare authors to make a structure live.<\/p>\n<p style=\"text-align: justify;\">Eug\u00e9nie Bachelot Pr\u00e9vert<\/p>\n<p><\/p>","protected":false},"excerpt":{"rendered":"<p>The creation of Fatras was necessary because of the importance taken by the management of the work of my grandfather over the years. To manage an inheritance and a history as those left by Jacques Pr\u00e9vert requires an implication of heart but also of time, and an adequate structure. It is indeed necessary to answer [&hellip;]<\/p>\n","protected":false},"author":3,"featured_media":0,"parent":9,"menu_order":4,"comment_status":"open","ping_status":"closed","template":"","meta":{"footnotes":""},"class_list":["post-25","page","type-page","status-publish","hentry"],"aioseo_notices":[],"_links":{"self":[{"href":"https:\/\/jacquesprevert.fr\/en\/wp-json\/wp\/v2\/pages\/25","targetHints":{"allow":["GET"]}}],"collection":[{"href":"https:\/\/jacquesprevert.fr\/en\/wp-json\/wp\/v2\/pages"}],"about":[{"href":"https:\/\/jacquesprevert.fr\/en\/wp-json\/wp\/v2\/types\/page"}],"author":[{"embeddable":true,"href":"https:\/\/jacquesprevert.fr\/en\/wp-json\/wp\/v2\/users\/3"}],"replies":[{"embeddable":true,"href":"https:\/\/jacquesprevert.fr\/en\/wp-json\/wp\/v2\/comments?post=25"}],"version-history":[{"count":28,"href":"https:\/\/jacquesprevert.fr\/en\/wp-json\/wp\/v2\/pages\/25\/revisions"}],"predecessor-version":[{"id":1931,"href":"https:\/\/jacquesprevert.fr\/en\/wp-json\/wp\/v2\/pages\/25\/revisions\/1931"}],"up":[{"embeddable":true,"href":"https:\/\/jacquesprevert.fr\/en\/wp-json\/wp\/v2\/pages\/9"}],"wp:attachment":[{"href":"https:\/\/jacquesprevert.fr\/en\/wp-json\/wp\/v2\/media?parent=25"}],"curies":[{"name":"wp","href":"https:\/\/api.w.org\/{rel}","templated":true}]}}